{"id":851,"date":"2024-01-04T15:15:31","date_gmt":"2024-01-04T15:15:31","guid":{"rendered":"https:\/\/wotechtheme.com\/wp\/wotech\/?page_id=851"},"modified":"2024-12-12T20:09:16","modified_gmt":"2024-12-12T20:09:16","slug":"hizmet-bolgeleri","status":"publish","type":"page","link":"https:\/\/bursaspotcu.com\/index.php\/hizmet-bolgeleri\/","title":{"rendered":"Hizmet B\u00f6lgeleri"},"content":{"rendered":"\t\t<div data-elementor-type=\"wp-page\" data-elementor-id=\"851\" class=\"elementor elementor-851\">\n\t\t\t\t<div class=\"elementor-element elementor-element-3966ea8 e-con-full e-flex e-con e-parent\" data-id=\"3966ea8\" data-element_type=\"container\" data-e-type=\"container\">\n\t\t\t\t<div class=\"elementor-element elementor-element-8f55cb8 elementor-widget elementor-widget-blog_post_widget\" data-id=\"8f55cb8\" data-element_type=\"widget\" data-e-type=\"widget\" data-widget_type=\"blog_post_widget.default\">\n\t\t\t\t<div class=\"elementor-widget-container\">\n\t\t\t\t\t\r\n  <!-- Blog area start --> \r\n  <section class=\"blog-section-one section-space\">\r\n   <div class=\"small-container\">\r\n      <div class=\"blog-title-box mb-40\">\r\n\t   \r\n      <\/div>\r\n      <div class=\"row g-4\">\r\n         <!-- block -->\r\n\t\t          <div class=\"col-xxl-4 col-xl-4 col-lg-6\">\r\n            <div class=\"blog-style-one mb-15\">\r\n\r\n\t\t\t                  <a class=\"blog-image w-img\" href=\"https:\/\/bursaspotcu.com\/index.php\/2024\/12\/12\/iznik-ikinci-el-esya\/\">\r\n                  <img decoding=\"async\" src=\"https:\/\/bursaspotcu.com\/wp-content\/uploads\/2024\/12\/iznik-ikinci-el-esya.webp\" alt=\"post-1\" \/>\r\n               <\/a>\r\n\t\t\t   \r\n               <div class=\"blog-content\">\r\n                  <div class=\"post-meta\">\r\n                     <span class=\"p-relative\">\r\n\t\t\t\t\t\t<a href=\"https:\/\/bursaspotcu.com\/index.php\/author\/admin\/\"><i class=\"fal fa-user\"><\/i> By admin<\/a>\r\n\t\t\t\t\t<\/span>\r\n                     <span class=\"p-relative\">\r\n\t\t\t\t\t\t<a href=\"https:\/\/bursaspotcu.com\/index.php\/2024\/12\/12\/iznik-ikinci-el-esya\/\">\r\n\t\t\t\t\t\t\t<i class=\"fal fa-calendar-alt\"><\/i>\r\n\t\t\t\t\t\t\tAral\u0131k 12, 2024\t\t\t\t\t\t<\/a>\r\n\t\t\t\t\t<\/span>\r\n                  <\/div>\r\n                  <hr>\r\n                  <h5 class=\"blog-title mb-30\"><a href=\"https:\/\/bursaspotcu.com\/index.php\/2024\/12\/12\/iznik-ikinci-el-esya\/\">\u0130znik \u0130kinci El E\u015fya | Arzum Spot<\/a><\/h5>\r\n                  <div class=\"blog-link\">\r\n                     <a class=\"primary-btn-5 btn-hover\" href=\"https:\/\/bursaspotcu.com\/index.php\/2024\/12\/12\/iznik-ikinci-el-esya\/\">\r\n                        Read MORE &nbsp; | <i class=\"icon-right-arrow\"><\/i>\r\n                        <span style=\"top: 147.172px; left: 108.5px;\"><\/span>\r\n                     <\/a>\r\n                  <\/div>\r\n               <\/div>\r\n            <\/div>\r\n         <\/div>\r\n\t\t         <div class=\"col-xxl-4 col-xl-4 col-lg-6\">\r\n            <div class=\"blog-style-one mb-15\">\r\n\r\n\t\t\t                  <a class=\"blog-image w-img\" href=\"https:\/\/bursaspotcu.com\/index.php\/2024\/12\/12\/orhangazi-ikinci-el-esya-arzum-spot\/\">\r\n                  <img decoding=\"async\" src=\"https:\/\/bursaspotcu.com\/wp-content\/uploads\/2024\/12\/orhangazi-ikinci-el-esya.webp\" alt=\"post-1\" \/>\r\n               <\/a>\r\n\t\t\t   \r\n               <div class=\"blog-content\">\r\n                  <div class=\"post-meta\">\r\n                     <span class=\"p-relative\">\r\n\t\t\t\t\t\t<a href=\"https:\/\/bursaspotcu.com\/index.php\/author\/admin\/\"><i class=\"fal fa-user\"><\/i> By admin<\/a>\r\n\t\t\t\t\t<\/span>\r\n                     <span class=\"p-relative\">\r\n\t\t\t\t\t\t<a href=\"https:\/\/bursaspotcu.com\/index.php\/2024\/12\/12\/orhangazi-ikinci-el-esya-arzum-spot\/\">\r\n\t\t\t\t\t\t\t<i class=\"fal fa-calendar-alt\"><\/i>\r\n\t\t\t\t\t\t\tAral\u0131k 12, 2024\t\t\t\t\t\t<\/a>\r\n\t\t\t\t\t<\/span>\r\n                  <\/div>\r\n                  <hr>\r\n                  <h5 class=\"blog-title mb-30\"><a href=\"https:\/\/bursaspotcu.com\/index.php\/2024\/12\/12\/orhangazi-ikinci-el-esya-arzum-spot\/\">Orhangazi \u0130kinci El E\u015fya | Arzum Spot<\/a><\/h5>\r\n                  <div class=\"blog-link\">\r\n                     <a class=\"primary-btn-5 btn-hover\" href=\"https:\/\/bursaspotcu.com\/index.php\/2024\/12\/12\/orhangazi-ikinci-el-esya-arzum-spot\/\">\r\n                        Read MORE &nbsp; | <i class=\"icon-right-arrow\"><\/i>\r\n                        <span style=\"top: 147.172px; left: 108.5px;\"><\/span>\r\n                     <\/a>\r\n                  <\/div>\r\n               <\/div>\r\n            <\/div>\r\n         <\/div>\r\n\t\t         <div class=\"col-xxl-4 col-xl-4 col-lg-6\">\r\n            <div class=\"blog-style-one mb-15\">\r\n\r\n\t\t\t                  <a class=\"blog-image w-img\" href=\"https:\/\/bursaspotcu.com\/index.php\/2024\/12\/12\/mustafakemalpasa-ikinci-el-esya\/\">\r\n                  <img decoding=\"async\" src=\"https:\/\/bursaspotcu.com\/wp-content\/uploads\/2024\/12\/gursu-ikinci-el-esya.webp\" alt=\"post-1\" \/>\r\n               <\/a>\r\n\t\t\t   \r\n               <div class=\"blog-content\">\r\n                  <div class=\"post-meta\">\r\n                     <span class=\"p-relative\">\r\n\t\t\t\t\t\t<a href=\"https:\/\/bursaspotcu.com\/index.php\/author\/admin\/\"><i class=\"fal fa-user\"><\/i> By admin<\/a>\r\n\t\t\t\t\t<\/span>\r\n                     <span class=\"p-relative\">\r\n\t\t\t\t\t\t<a href=\"https:\/\/bursaspotcu.com\/index.php\/2024\/12\/12\/mustafakemalpasa-ikinci-el-esya\/\">\r\n\t\t\t\t\t\t\t<i class=\"fal fa-calendar-alt\"><\/i>\r\n\t\t\t\t\t\t\tAral\u0131k 12, 2024\t\t\t\t\t\t<\/a>\r\n\t\t\t\t\t<\/span>\r\n                  <\/div>\r\n                  <hr>\r\n                  <h5 class=\"blog-title mb-30\"><a href=\"https:\/\/bursaspotcu.com\/index.php\/2024\/12\/12\/mustafakemalpasa-ikinci-el-esya\/\">Mustafakemalpa\u015fa \u0130kinci El E\u015fya | Arzum Spot<\/a><\/h5>\r\n                  <div class=\"blog-link\">\r\n                     <a class=\"primary-btn-5 btn-hover\" href=\"https:\/\/bursaspotcu.com\/index.php\/2024\/12\/12\/mustafakemalpasa-ikinci-el-esya\/\">\r\n                        Read MORE &nbsp; | <i class=\"icon-right-arrow\"><\/i>\r\n                        <span style=\"top: 147.172px; left: 108.5px;\"><\/span>\r\n                     <\/a>\r\n                  <\/div>\r\n               <\/div>\r\n            <\/div>\r\n         <\/div>\r\n\t\t         <div class=\"col-xxl-4 col-xl-4 col-lg-6\">\r\n            <div class=\"blog-style-one mb-15\">\r\n\r\n\t\t\t                  <a class=\"blog-image w-img\" href=\"https:\/\/bursaspotcu.com\/index.php\/2024\/12\/12\/inegol-ikinci-el-esya\/\">\r\n                  <img decoding=\"async\" src=\"https:\/\/bursaspotcu.com\/wp-content\/uploads\/2024\/12\/inegol-ikinci-el-esya.webp\" alt=\"post-1\" \/>\r\n               <\/a>\r\n\t\t\t   \r\n               <div class=\"blog-content\">\r\n                  <div class=\"post-meta\">\r\n                     <span class=\"p-relative\">\r\n\t\t\t\t\t\t<a href=\"https:\/\/bursaspotcu.com\/index.php\/author\/admin\/\"><i class=\"fal fa-user\"><\/i> By admin<\/a>\r\n\t\t\t\t\t<\/span>\r\n                     <span class=\"p-relative\">\r\n\t\t\t\t\t\t<a href=\"https:\/\/bursaspotcu.com\/index.php\/2024\/12\/12\/inegol-ikinci-el-esya\/\">\r\n\t\t\t\t\t\t\t<i class=\"fal fa-calendar-alt\"><\/i>\r\n\t\t\t\t\t\t\tAral\u0131k 12, 2024\t\t\t\t\t\t<\/a>\r\n\t\t\t\t\t<\/span>\r\n                  <\/div>\r\n                  <hr>\r\n                  <h5 class=\"blog-title mb-30\"><a href=\"https:\/\/bursaspotcu.com\/index.php\/2024\/12\/12\/inegol-ikinci-el-esya\/\">\u0130neg\u00f6l \u0130kinci El E\u015fya | Arzum Spot<\/a><\/h5>\r\n                  <div class=\"blog-link\">\r\n                     <a class=\"primary-btn-5 btn-hover\" href=\"https:\/\/bursaspotcu.com\/index.php\/2024\/12\/12\/inegol-ikinci-el-esya\/\">\r\n                        Read MORE &nbsp; | <i class=\"icon-right-arrow\"><\/i>\r\n                        <span style=\"top: 147.172px; left: 108.5px;\"><\/span>\r\n                     <\/a>\r\n                  <\/div>\r\n               <\/div>\r\n            <\/div>\r\n         <\/div>\r\n\t\t         <div class=\"col-xxl-4 col-xl-4 col-lg-6\">\r\n            <div class=\"blog-style-one mb-15\">\r\n\r\n\t\t\t                  <a class=\"blog-image w-img\" href=\"https:\/\/bursaspotcu.com\/index.php\/2024\/12\/12\/kestel-ikinci-el-esya\/\">\r\n                  <img decoding=\"async\" src=\"https:\/\/bursaspotcu.com\/wp-content\/uploads\/2024\/12\/kestel-ikinci-el-esya.webp\" alt=\"post-1\" \/>\r\n               <\/a>\r\n\t\t\t   \r\n               <div class=\"blog-content\">\r\n                  <div class=\"post-meta\">\r\n                     <span class=\"p-relative\">\r\n\t\t\t\t\t\t<a href=\"https:\/\/bursaspotcu.com\/index.php\/author\/admin\/\"><i class=\"fal fa-user\"><\/i> By admin<\/a>\r\n\t\t\t\t\t<\/span>\r\n                     <span class=\"p-relative\">\r\n\t\t\t\t\t\t<a href=\"https:\/\/bursaspotcu.com\/index.php\/2024\/12\/12\/kestel-ikinci-el-esya\/\">\r\n\t\t\t\t\t\t\t<i class=\"fal fa-calendar-alt\"><\/i>\r\n\t\t\t\t\t\t\tAral\u0131k 12, 2024\t\t\t\t\t\t<\/a>\r\n\t\t\t\t\t<\/span>\r\n                  <\/div>\r\n                  <hr>\r\n                  <h5 class=\"blog-title mb-30\"><a href=\"https:\/\/bursaspotcu.com\/index.php\/2024\/12\/12\/kestel-ikinci-el-esya\/\">Kestel \u0130kinci El E\u015fya | Arzum Spot<\/a><\/h5>\r\n                  <div class=\"blog-link\">\r\n                     <a class=\"primary-btn-5 btn-hover\" href=\"https:\/\/bursaspotcu.com\/index.php\/2024\/12\/12\/kestel-ikinci-el-esya\/\">\r\n                        Read MORE &nbsp; | <i class=\"icon-right-arrow\"><\/i>\r\n                        <span style=\"top: 147.172px; left: 108.5px;\"><\/span>\r\n                     <\/a>\r\n                  <\/div>\r\n               <\/div>\r\n            <\/div>\r\n         <\/div>\r\n\t\t         <div class=\"col-xxl-4 col-xl-4 col-lg-6\">\r\n            <div class=\"blog-style-one mb-15\">\r\n\r\n\t\t\t                  <a class=\"blog-image w-img\" href=\"https:\/\/bursaspotcu.com\/index.php\/2024\/12\/12\/karacabey-ikinci-el-esya\/\">\r\n                  <img decoding=\"async\" src=\"https:\/\/bursaspotcu.com\/wp-content\/uploads\/2024\/12\/karacabey-ikinci-el-esya.webp\" alt=\"post-1\" \/>\r\n               <\/a>\r\n\t\t\t   \r\n               <div class=\"blog-content\">\r\n                  <div class=\"post-meta\">\r\n                     <span class=\"p-relative\">\r\n\t\t\t\t\t\t<a href=\"https:\/\/bursaspotcu.com\/index.php\/author\/admin\/\"><i class=\"fal fa-user\"><\/i> By admin<\/a>\r\n\t\t\t\t\t<\/span>\r\n                     <span class=\"p-relative\">\r\n\t\t\t\t\t\t<a href=\"https:\/\/bursaspotcu.com\/index.php\/2024\/12\/12\/karacabey-ikinci-el-esya\/\">\r\n\t\t\t\t\t\t\t<i class=\"fal fa-calendar-alt\"><\/i>\r\n\t\t\t\t\t\t\tAral\u0131k 12, 2024\t\t\t\t\t\t<\/a>\r\n\t\t\t\t\t<\/span>\r\n                  <\/div>\r\n                  <hr>\r\n                  <h5 class=\"blog-title mb-30\"><a href=\"https:\/\/bursaspotcu.com\/index.php\/2024\/12\/12\/karacabey-ikinci-el-esya\/\">Karacabey \u0130kinci El E\u015fya | Arzum Spot<\/a><\/h5>\r\n                  <div class=\"blog-link\">\r\n                     <a class=\"primary-btn-5 btn-hover\" href=\"https:\/\/bursaspotcu.com\/index.php\/2024\/12\/12\/karacabey-ikinci-el-esya\/\">\r\n                        Read MORE &nbsp; | <i class=\"icon-right-arrow\"><\/i>\r\n                        <span style=\"top: 147.172px; left: 108.5px;\"><\/span>\r\n                     <\/a>\r\n                  <\/div>\r\n               <\/div>\r\n            <\/div>\r\n         <\/div>\r\n\t\t         <div class=\"col-xxl-4 col-xl-4 col-lg-6\">\r\n            <div class=\"blog-style-one mb-15\">\r\n\r\n\t\t\t                  <a class=\"blog-image w-img\" href=\"https:\/\/bursaspotcu.com\/index.php\/2024\/12\/12\/yildirim-ikinci-el-esya\/\">\r\n                  <img decoding=\"async\" src=\"https:\/\/bursaspotcu.com\/wp-content\/uploads\/2024\/12\/yildirim-ikinci-el-esya.webp\" alt=\"post-1\" \/>\r\n               <\/a>\r\n\t\t\t   \r\n               <div class=\"blog-content\">\r\n                  <div class=\"post-meta\">\r\n                     <span class=\"p-relative\">\r\n\t\t\t\t\t\t<a href=\"https:\/\/bursaspotcu.com\/index.php\/author\/admin\/\"><i class=\"fal fa-user\"><\/i> By admin<\/a>\r\n\t\t\t\t\t<\/span>\r\n                     <span class=\"p-relative\">\r\n\t\t\t\t\t\t<a href=\"https:\/\/bursaspotcu.com\/index.php\/2024\/12\/12\/yildirim-ikinci-el-esya\/\">\r\n\t\t\t\t\t\t\t<i class=\"fal fa-calendar-alt\"><\/i>\r\n\t\t\t\t\t\t\tAral\u0131k 12, 2024\t\t\t\t\t\t<\/a>\r\n\t\t\t\t\t<\/span>\r\n                  <\/div>\r\n                  <hr>\r\n                  <h5 class=\"blog-title mb-30\"><a href=\"https:\/\/bursaspotcu.com\/index.php\/2024\/12\/12\/yildirim-ikinci-el-esya\/\">Y\u0131ld\u0131r\u0131m \u0130kinci El E\u015fya | Arzum Spot<\/a><\/h5>\r\n                  <div class=\"blog-link\">\r\n                     <a class=\"primary-btn-5 btn-hover\" href=\"https:\/\/bursaspotcu.com\/index.php\/2024\/12\/12\/yildirim-ikinci-el-esya\/\">\r\n                        Read MORE &nbsp; | <i class=\"icon-right-arrow\"><\/i>\r\n                        <span style=\"top: 147.172px; left: 108.5px;\"><\/span>\r\n                     <\/a>\r\n                  <\/div>\r\n               <\/div>\r\n            <\/div>\r\n         <\/div>\r\n\t\t         <div class=\"col-xxl-4 col-xl-4 col-lg-6\">\r\n            <div class=\"blog-style-one mb-15\">\r\n\r\n\t\t\t                  <a class=\"blog-image w-img\" href=\"https:\/\/bursaspotcu.com\/index.php\/2024\/12\/12\/mudanya-ikinci-el-esya\/\">\r\n                  <img decoding=\"async\" src=\"https:\/\/bursaspotcu.com\/wp-content\/uploads\/2024\/12\/mudanya-ikinci-el-esya.webp\" alt=\"post-1\" \/>\r\n               <\/a>\r\n\t\t\t   \r\n               <div class=\"blog-content\">\r\n                  <div class=\"post-meta\">\r\n                     <span class=\"p-relative\">\r\n\t\t\t\t\t\t<a href=\"https:\/\/bursaspotcu.com\/index.php\/author\/admin\/\"><i class=\"fal fa-user\"><\/i> By admin<\/a>\r\n\t\t\t\t\t<\/span>\r\n                     <span class=\"p-relative\">\r\n\t\t\t\t\t\t<a href=\"https:\/\/bursaspotcu.com\/index.php\/2024\/12\/12\/mudanya-ikinci-el-esya\/\">\r\n\t\t\t\t\t\t\t<i class=\"fal fa-calendar-alt\"><\/i>\r\n\t\t\t\t\t\t\tAral\u0131k 12, 2024\t\t\t\t\t\t<\/a>\r\n\t\t\t\t\t<\/span>\r\n                  <\/div>\r\n                  <hr>\r\n                  <h5 class=\"blog-title mb-30\"><a href=\"https:\/\/bursaspotcu.com\/index.php\/2024\/12\/12\/mudanya-ikinci-el-esya\/\">Mudanya \u0130kinci El E\u015fya | Arzum Spot<\/a><\/h5>\r\n                  <div class=\"blog-link\">\r\n                     <a class=\"primary-btn-5 btn-hover\" href=\"https:\/\/bursaspotcu.com\/index.php\/2024\/12\/12\/mudanya-ikinci-el-esya\/\">\r\n                        Read MORE &nbsp; | <i class=\"icon-right-arrow\"><\/i>\r\n                        <span style=\"top: 147.172px; left: 108.5px;\"><\/span>\r\n                     <\/a>\r\n                  <\/div>\r\n               <\/div>\r\n            <\/div>\r\n         <\/div>\r\n\t\t         <div class=\"col-xxl-4 col-xl-4 col-lg-6\">\r\n            <div class=\"blog-style-one mb-15\">\r\n\r\n\t\t\t                  <a class=\"blog-image w-img\" href=\"https:\/\/bursaspotcu.com\/index.php\/2024\/12\/11\/osmangazi-ikinci-el-esya\/\">\r\n                  <img decoding=\"async\" src=\"https:\/\/bursaspotcu.com\/wp-content\/uploads\/2024\/01\/nilufer-ikinci-el-esya.webp\" alt=\"post-1\" \/>\r\n               <\/a>\r\n\t\t\t   \r\n               <div class=\"blog-content\">\r\n                  <div class=\"post-meta\">\r\n                     <span class=\"p-relative\">\r\n\t\t\t\t\t\t<a href=\"https:\/\/bursaspotcu.com\/index.php\/author\/admin\/\"><i class=\"fal fa-user\"><\/i> By admin<\/a>\r\n\t\t\t\t\t<\/span>\r\n                     <span class=\"p-relative\">\r\n\t\t\t\t\t\t<a href=\"https:\/\/bursaspotcu.com\/index.php\/2024\/12\/11\/osmangazi-ikinci-el-esya\/\">\r\n\t\t\t\t\t\t\t<i class=\"fal fa-calendar-alt\"><\/i>\r\n\t\t\t\t\t\t\tAral\u0131k 11, 2024\t\t\t\t\t\t<\/a>\r\n\t\t\t\t\t<\/span>\r\n                  <\/div>\r\n                  <hr>\r\n                  <h5 class=\"blog-title mb-30\"><a href=\"https:\/\/bursaspotcu.com\/index.php\/2024\/12\/11\/osmangazi-ikinci-el-esya\/\">Osmangazi \u0130kinci El E\u015fya | Arzum Spot<\/a><\/h5>\r\n                  <div class=\"blog-link\">\r\n                     <a class=\"primary-btn-5 btn-hover\" href=\"https:\/\/bursaspotcu.com\/index.php\/2024\/12\/11\/osmangazi-ikinci-el-esya\/\">\r\n                        Read MORE &nbsp; | <i class=\"icon-right-arrow\"><\/i>\r\n                        <span style=\"top: 147.172px; left: 108.5px;\"><\/span>\r\n                     <\/a>\r\n                  <\/div>\r\n               <\/div>\r\n            <\/div>\r\n         <\/div>\r\n\t\t         <div class=\"col-xxl-4 col-xl-4 col-lg-6\">\r\n            <div class=\"blog-style-one mb-15\">\r\n\r\n\t\t\t                  <a class=\"blog-image w-img\" href=\"https:\/\/bursaspotcu.com\/index.php\/2024\/12\/10\/nilufer-ikinci-el-esya\/\">\r\n                  <img decoding=\"async\" src=\"https:\/\/bursaspotcu.com\/wp-content\/uploads\/2024\/12\/nilufer-ikinci-el-esya.jpeg\" alt=\"post-1\" \/>\r\n               <\/a>\r\n\t\t\t   \r\n               <div class=\"blog-content\">\r\n                  <div class=\"post-meta\">\r\n                     <span class=\"p-relative\">\r\n\t\t\t\t\t\t<a href=\"https:\/\/bursaspotcu.com\/index.php\/author\/admin\/\"><i class=\"fal fa-user\"><\/i> By admin<\/a>\r\n\t\t\t\t\t<\/span>\r\n                     <span class=\"p-relative\">\r\n\t\t\t\t\t\t<a href=\"https:\/\/bursaspotcu.com\/index.php\/2024\/12\/10\/nilufer-ikinci-el-esya\/\">\r\n\t\t\t\t\t\t\t<i class=\"fal fa-calendar-alt\"><\/i>\r\n\t\t\t\t\t\t\tAral\u0131k 10, 2024\t\t\t\t\t\t<\/a>\r\n\t\t\t\t\t<\/span>\r\n                  <\/div>\r\n                  <hr>\r\n                  <h5 class=\"blog-title mb-30\"><a href=\"https:\/\/bursaspotcu.com\/index.php\/2024\/12\/10\/nilufer-ikinci-el-esya\/\">Nil\u00fcfer \u0130kinci El E\u015fya | Arzum Spot<\/a><\/h5>\r\n                  <div class=\"blog-link\">\r\n                     <a class=\"primary-btn-5 btn-hover\" href=\"https:\/\/bursaspotcu.com\/index.php\/2024\/12\/10\/nilufer-ikinci-el-esya\/\">\r\n                        Read MORE &nbsp; | <i class=\"icon-right-arrow\"><\/i>\r\n                        <span style=\"top: 147.172px; left: 108.5px;\"><\/span>\r\n                     <\/a>\r\n                  <\/div>\r\n               <\/div>\r\n            <\/div>\r\n         <\/div>\r\n\t\t         <div class=\"col-xxl-4 col-xl-4 col-lg-6\">\r\n            <div class=\"blog-style-one mb-15\">\r\n\r\n\t\t\t                  <a class=\"blog-image w-img\" href=\"https:\/\/bursaspotcu.com\/index.php\/2024\/01\/05\/gemlik-ikinci-el-esya\/\">\r\n                  <img decoding=\"async\" src=\"https:\/\/bursaspotcu.com\/wp-content\/uploads\/2024\/01\/gemlik-ikinci-el-esya-1.webp\" alt=\"post-1\" \/>\r\n               <\/a>\r\n\t\t\t   \r\n               <div class=\"blog-content\">\r\n                  <div class=\"post-meta\">\r\n                     <span class=\"p-relative\">\r\n\t\t\t\t\t\t<a href=\"https:\/\/bursaspotcu.com\/index.php\/author\/admin\/\"><i class=\"fal fa-user\"><\/i> By admin<\/a>\r\n\t\t\t\t\t<\/span>\r\n                     <span class=\"p-relative\">\r\n\t\t\t\t\t\t<a href=\"https:\/\/bursaspotcu.com\/index.php\/2024\/01\/05\/gemlik-ikinci-el-esya\/\">\r\n\t\t\t\t\t\t\t<i class=\"fal fa-calendar-alt\"><\/i>\r\n\t\t\t\t\t\t\tOcak 5, 2024\t\t\t\t\t\t<\/a>\r\n\t\t\t\t\t<\/span>\r\n                  <\/div>\r\n                  <hr>\r\n                  <h5 class=\"blog-title mb-30\"><a href=\"https:\/\/bursaspotcu.com\/index.php\/2024\/01\/05\/gemlik-ikinci-el-esya\/\">Gemlik \u0130kinci El E\u015fya | Arzum Spot<\/a><\/h5>\r\n                  <div class=\"blog-link\">\r\n                     <a class=\"primary-btn-5 btn-hover\" href=\"https:\/\/bursaspotcu.com\/index.php\/2024\/01\/05\/gemlik-ikinci-el-esya\/\">\r\n                        Read MORE &nbsp; | <i class=\"icon-right-arrow\"><\/i>\r\n                        <span style=\"top: 147.172px; left: 108.5px;\"><\/span>\r\n                     <\/a>\r\n                  <\/div>\r\n               <\/div>\r\n            <\/div>\r\n         <\/div>\r\n\t\t \r\n      <\/div>\r\n   <\/div>\r\n  <\/section>\r\n  <!-- Blog area end --> \r\n\r\n  \r\n\t\t\t\t\t<\/div>\n\t\t\t\t<\/div>\n\t\t\t\t<\/div>\n\t\t\t\t<\/div>\n\t\t","protected":false},"excerpt":{"rendered":"<p>By admin Aral\u0131k 12, 2024 G\u00fcrsu \u0130kinci El E\u015fya | Arzum Spot Read MORE &nbsp; | By admin Aral\u0131k 12, 2024 \u0130neg\u00f6l \u0130kinci El E\u015fya | Arzum Spot Read MORE &nbsp; | By admin Aral\u0131k 12, 2024 Kestel \u0130kinci El E\u015fya | Arzum Spot Read MORE &nbsp; | By admin Aral\u0131k 12, 2024 Karacabey \u0130kinci [&hellip;]<\/p>\n","protected":false},"author":2,"featured_media":0,"parent":0,"menu_order":7,"comment_status":"closed","ping_status":"closed","template":"elementor_header_footer","meta":{"footnotes":""},"class_list":["post-851","page","type-page","status-publish","hentry"],"aioseo_notices":[],"_links":{"self":[{"href":"https:\/\/bursaspotcu.com\/index.php\/wp-json\/wp\/v2\/pages\/851","targetHints":{"allow":["GET"]}}],"collection":[{"href":"https:\/\/bursaspotcu.com\/index.php\/wp-json\/wp\/v2\/pages"}],"about":[{"href":"https:\/\/bursaspotcu.com\/index.php\/wp-json\/wp\/v2\/types\/page"}],"author":[{"embeddable":true,"href":"https:\/\/bursaspotcu.com\/index.php\/wp-json\/wp\/v2\/users\/2"}],"replies":[{"embeddable":true,"href":"https:\/\/bursaspotcu.com\/index.php\/wp-json\/wp\/v2\/comments?post=851"}],"version-history":[{"count":14,"href":"https:\/\/bursaspotcu.com\/index.php\/wp-json\/wp\/v2\/pages\/851\/revisions"}],"predecessor-version":[{"id":2967,"href":"https:\/\/bursaspotcu.com\/index.php\/wp-json\/wp\/v2\/pages\/851\/revisions\/2967"}],"wp:attachment":[{"href":"https:\/\/bursaspotcu.com\/index.php\/wp-json\/wp\/v2\/media?parent=851"}],"curies":[{"name":"wp","href":"https:\/\/api.w.org\/{rel}","templated":true}]}}