{"id":779,"date":"2024-01-04T12:28:50","date_gmt":"2024-01-04T12:28:50","guid":{"rendered":"https:\/\/wotechtheme.com\/wp\/wotech\/?page_id=779"},"modified":"2024-12-10T21:54:58","modified_gmt":"2024-12-10T21:54:58","slug":"hizmetlerimiz","status":"publish","type":"page","link":"https:\/\/bursaspotcu.com\/index.php\/hizmetlerimiz\/","title":{"rendered":"Hizmetlerimiz"},"content":{"rendered":"\t\t<div data-elementor-type=\"wp-page\" data-elementor-id=\"779\" class=\"elementor elementor-779\">\n\t\t\t\t<div class=\"elementor-element elementor-element-4bea666 e-con-full e-flex e-con e-parent\" data-id=\"4bea666\" data-element_type=\"container\" data-e-type=\"container\">\n\t\t\t\t<div class=\"elementor-element elementor-element-b331228 elementor-align-left elementor-widget elementor-widget-service_post_widget\" data-id=\"b331228\" data-element_type=\"widget\" data-e-type=\"widget\" data-widget_type=\"service_post_widget.default\">\n\t\t\t\t<div class=\"elementor-widget-container\">\n\t\t\t\t\t\r\n <!-- Service Slider area start --> \r\n <section class=\"service-page-section section-space\">\r\n   <div class=\"small-container\">\r\n      <div class=\"row g-4\">\r\n\t           <div class=\"col-xxl-4 col-xl-4 col-lg-4 mb-15\">\r\n            <!-- block -->\r\n            <div class=\"service-slider-area p-relative\">\r\n               <figure class=\"image w-img\">\r\n\t\t\t   \t\t<img decoding=\"async\" src=\"https:\/\/bursaspotcu.com\/wp-content\/uploads\/2024\/12\/Designer-633x675.webp\" alt=\"service-image\">\r\n               <\/figure>\r\n               <div class=\"content\">\r\n                     <div class=\"icon-box\">\r\n\t\t\t\t\t\t <img decoding=\"async\" src=\"https:\/\/bursaspotcu.com\/wp-content\/uploads\/2024\/02\/service-icon1.png\" alt=\"icon\">\r\n                     <\/div>\r\n                     <h4 class=\"mb-15 mt-15\"><a href=\"https:\/\/bursaspotcu.com\/index.php\/services\/ikinci-el-esya-satisi\/\">\u0130kinci El E\u015fya Sat\u0131\u015f\u0131<\/a><\/h4>\r\n                     <p class=\"mb-25\">Arzum Spot, Bursa\u2019da \u0130kinci el e\u015fya sat\u0131\u015f\u0131 olarak geni\u015f \u00fcr\u00fcn yelpazesi, 0 m\u00fc\u015fteri memnuniyetiyle kaliteli, ekonomik ve g\u00fcvenilir \u00e7\u00f6z\u00fcmler sunar\u0131z.<\/p>\r\n                     <a href=\"https:\/\/bursaspotcu.com\/index.php\/services\/ikinci-el-esya-satisi\/\" class=\"service-btn\">Read More <i class=\"icon-arrow-right-double\"><\/i><\/a>\r\n                <\/div>\r\n            <\/div>\r\n         <\/div>\r\n\t\t          <div class=\"col-xxl-4 col-xl-4 col-lg-4 mb-15\">\r\n            <!-- block -->\r\n            <div class=\"service-slider-area p-relative\">\r\n               <figure class=\"image w-img\">\r\n\t\t\t   \t\t<img decoding=\"async\" src=\"https:\/\/bursaspotcu.com\/wp-content\/uploads\/2024\/10\/spot-esya-satisi-2-633x675.webp\" alt=\"service-image\">\r\n               <\/figure>\r\n               <div class=\"content\">\r\n                     <div class=\"icon-box\">\r\n\t\t\t\t\t\t <img decoding=\"async\" src=\"https:\/\/bursaspotcu.com\/wp-content\/uploads\/2024\/02\/service-icon2.png\" alt=\"icon\">\r\n                     <\/div>\r\n                     <h4 class=\"mb-15 mt-15\"><a href=\"https:\/\/bursaspotcu.com\/index.php\/services\/spot-esya-satisi\/\">Spot E\u015fya Sat\u0131\u015f\u0131<\/a><\/h4>\r\n                     <p class=\"mb-25\">Arzum Spot, Bursa\u2019da Spot e\u015fya sat\u0131\u015f\u0131 olarak geni\u015f \u00fcr\u00fcn yelpazesi, 0 m\u00fc\u015fteri memnuniyetiyle kaliteli, ekonomik ve g\u00fcvenilir \u00e7\u00f6z\u00fcmler sunar\u0131z.<\/p>\r\n                     <a href=\"https:\/\/bursaspotcu.com\/index.php\/services\/spot-esya-satisi\/\" class=\"service-btn\">Read More <i class=\"icon-arrow-right-double\"><\/i><\/a>\r\n                <\/div>\r\n            <\/div>\r\n         <\/div>\r\n\t\t          <div class=\"col-xxl-4 col-xl-4 col-lg-4 mb-15\">\r\n            <!-- block -->\r\n            <div class=\"service-slider-area p-relative\">\r\n               <figure class=\"image w-img\">\r\n\t\t\t   \t\t<img decoding=\"async\" src=\"https:\/\/bursaspotcu.com\/wp-content\/uploads\/2024\/10\/esya-degerlendirme-633x675.webp\" alt=\"service-image\">\r\n               <\/figure>\r\n               <div class=\"content\">\r\n                     <div class=\"icon-box\">\r\n\t\t\t\t\t\t <img decoding=\"async\" src=\"https:\/\/bursaspotcu.com\/wp-content\/uploads\/2024\/02\/about-three-icon1.png\" alt=\"icon\">\r\n                     <\/div>\r\n                     <h4 class=\"mb-15 mt-15\"><a href=\"https:\/\/bursaspotcu.com\/index.php\/services\/esya-degerlendirme\/\">E\u015fya De\u011ferlendirme<\/a><\/h4>\r\n                     <p class=\"mb-25\">Arzum Spot, Bursa\u2019da ikinci el e\u015fyalar\u0131n\u0131z\u0131n do\u011fru ve adil bir \u015fekilde de\u011ferlendirilmesi i\u00e7in profesyonel E\u015fya De\u011ferlendirme ve Ekspertiz Hizmeti sunuyoruz.<\/p>\r\n                     <a href=\"https:\/\/bursaspotcu.com\/index.php\/services\/esya-degerlendirme\/\" class=\"service-btn\">Read More <i class=\"icon-arrow-right-double\"><\/i><\/a>\r\n                <\/div>\r\n            <\/div>\r\n         <\/div>\r\n\t\t          <div class=\"col-xxl-4 col-xl-4 col-lg-4 mb-15\">\r\n            <!-- block -->\r\n            <div class=\"service-slider-area p-relative\">\r\n               <figure class=\"image w-img\">\r\n\t\t\t   \t\t<img decoding=\"async\" src=\"https:\/\/bursaspotcu.com\/wp-content\/uploads\/2024\/10\/ikinci-el-beyaz-esya-satisi-633x675.webp\" alt=\"service-image\">\r\n               <\/figure>\r\n               <div class=\"content\">\r\n                     <div class=\"icon-box\">\r\n\t\t\t\t\t\t <img decoding=\"async\" src=\"https:\/\/bursaspotcu.com\/wp-content\/uploads\/2024\/02\/icon-3.png\" alt=\"icon\">\r\n                     <\/div>\r\n                     <h4 class=\"mb-15 mt-15\"><a href=\"https:\/\/bursaspotcu.com\/index.php\/services\/ikinci-el-beyaz-esya-satisi\/\">\u0130kinci El Beyaz E\u015fya Sat\u0131\u015f\u0131<\/a><\/h4>\r\n                     <p class=\"mb-25\">Bursa\u2019da \u0130kinci el beyaz e\u015fya sat\u0131\u015f\u0131 aray\u0131\u015f\u0131n\u0131zda kaliteyi, uygun fiyat\u0131 ve g\u00fcvenilirli\u011fi bir araya getiren Arzum Spot, ihtiya\u00e7lar\u0131n\u0131za \u00f6zel \u00e7\u00f6z\u00fcmler<\/p>\r\n                     <a href=\"https:\/\/bursaspotcu.com\/index.php\/services\/ikinci-el-beyaz-esya-satisi\/\" class=\"service-btn\">Read More <i class=\"icon-arrow-right-double\"><\/i><\/a>\r\n                <\/div>\r\n            <\/div>\r\n         <\/div>\r\n\t\t          <div class=\"col-xxl-4 col-xl-4 col-lg-4 mb-15\">\r\n            <!-- block -->\r\n            <div class=\"service-slider-area p-relative\">\r\n               <figure class=\"image w-img\">\r\n\t\t\t   \t\t<img decoding=\"async\" src=\"https:\/\/bursaspotcu.com\/wp-content\/uploads\/2024\/10\/nakliye-ve-tasima-633x675.webp\" alt=\"service-image\">\r\n               <\/figure>\r\n               <div class=\"content\">\r\n                     <div class=\"icon-box\">\r\n\t\t\t\t\t\t <img decoding=\"async\" src=\"https:\/\/bursaspotcu.com\/wp-content\/uploads\/2024\/02\/icon-2.png\" alt=\"icon\">\r\n                     <\/div>\r\n                     <h4 class=\"mb-15 mt-15\"><a href=\"https:\/\/bursaspotcu.com\/index.php\/services\/nakliye-ve-tasima\/\">Nakliye ve Ta\u015f\u0131ma<\/a><\/h4>\r\n                     <p class=\"mb-25\">Arzum Spot olarak ikinci el \u00fcr\u00fcnlerin g\u00fcvenli ve h\u0131zl\u0131 bir \u015fekilde ta\u015f\u0131nmas\u0131n\u0131 sa\u011flayan nakliye ve ta\u015f\u0131ma hizmetlerimizle de yan\u0131n\u0131zday\u0131z.<\/p>\r\n                     <a href=\"https:\/\/bursaspotcu.com\/index.php\/services\/nakliye-ve-tasima\/\" class=\"service-btn\">Read More <i class=\"icon-arrow-right-double\"><\/i><\/a>\r\n                <\/div>\r\n            <\/div>\r\n         <\/div>\r\n\t\t          <div class=\"col-xxl-4 col-xl-4 col-lg-4 mb-15\">\r\n            <!-- block -->\r\n            <div class=\"service-slider-area p-relative\">\r\n               <figure class=\"image w-img\">\r\n\t\t\t   \t\t<img decoding=\"async\" src=\"https:\/\/bursaspotcu.com\/wp-content\/uploads\/2024\/10\/ikinci-el-esya-alimi-633x675.webp\" alt=\"service-image\">\r\n               <\/figure>\r\n               <div class=\"content\">\r\n                     <div class=\"icon-box\">\r\n\t\t\t\t\t\t <img decoding=\"async\" src=\"https:\/\/bursaspotcu.com\/wp-content\/uploads\/2024\/02\/icon.png\" alt=\"icon\">\r\n                     <\/div>\r\n                     <h4 class=\"mb-15 mt-15\"><a href=\"https:\/\/bursaspotcu.com\/index.php\/services\/ikinci-el-esya-alimi\/\">\u0130kinci El E\u015fya Al\u0131m\u0131<\/a><\/h4>\r\n                     <p class=\"mb-25\">Bursa\u2019da ikinci el e\u015fya satmak isteyenlerin g\u00fcvenilir adresi Arzum Spot, e\u015fyalar\u0131n\u0131za en iyi de\u011feri sunarak h\u0131zl\u0131 ve kolay bir sat\u0131\u015f<\/p>\r\n                     <a href=\"https:\/\/bursaspotcu.com\/index.php\/services\/ikinci-el-esya-alimi\/\" class=\"service-btn\">Read More <i class=\"icon-arrow-right-double\"><\/i><\/a>\r\n                <\/div>\r\n            <\/div>\r\n         <\/div>\r\n\t\t       <\/div>\r\n   <\/div>\r\n <\/section>\r\n <!-- Service Slider area end --> \r\n\r\n\t\t\r\n\r\n\r\n\r\n\t\t\t\t\t<\/div>\n\t\t\t\t<\/div>\n\t\t\t\t<\/div>\n\t\t<div class=\"elementor-element elementor-element-0b419c3 e-con-full e-flex e-con e-parent\" data-id=\"0b419c3\" data-element_type=\"container\" data-e-type=\"container\">\n\t\t\t\t<div class=\"elementor-element elementor-element-70fc15c elementor-widget elementor-widget-choose_us_2\" data-id=\"70fc15c\" data-element_type=\"widget\" data-e-type=\"widget\" data-widget_type=\"choose_us_2.default\">\n\t\t\t\t<div class=\"elementor-widget-container\">\n\t\t\t\t\t\r\n\r\n\t <script>\r\n jQuery(document).ready(function($) {\r\n\r\n\/\/write js code under this line \r\n\r\n\r\n\r\n\/\/write code above the line \r\n\r\n  });\r\n<\/script>\r\n\r\n  <!-- Choose area start --> \r\n  <section class=\"choose-section bg-color-1 section-space-top p-relative\">\r\n   <div class=\"bg-image\" data-background=\"https:\/\/bursaspotcu.com\/wp-content\/uploads\/2024\/02\/choose-bg.png\"><\/div>\r\n   <div class=\"shape-image\" data-background=\"https:\/\/bursaspotcu.com\/wp-content\/uploads\/2024\/02\/shape-15.png\"><\/div>\r\n   <div class=\"small-container\">      \r\n      <div class=\"row g-4\">\r\n         <div class=\"col-xxl-6 col-xl-6 col-lg-6 p-relative section-space-medium-bottom\">\r\n            <div class=\"title-box mb-50 wow fadeInLeft\" data-wow-delay=\".5s\">\r\n               <span class=\"section-sub-title\">Neden Bizi Se\u00e7melisiniz ?<\/span>\r\n               <h3 class=\"section-title mt-10\">Farkl\u0131 \u00d6zelliklerimiz<\/h3>\r\n            <\/div>\r\n             <!-- block -->\r\n\t\t\t            <div class=\"choose-area-icon-box mb-15 wow fadeInRight\" data-wow-delay=\".5s\">\r\n               <div class=\"icon-box p-relative\">\r\n\t\t\t   \t\t<i class=\" icon-roof\"><\/i>\r\n               <\/div>\r\n               <div class=\"content\">\r\n                  <h5><a href=\"#\">G\u00fcvenirlilik ve \u015eeffafl\u0131k<\/a><\/h5>\r\n                  <p>Al\u0131m-sat\u0131m s\u00fcre\u00e7lerimiz tamamen d\u00fcr\u00fcst ve \u015feffaft\u0131r.\n\u00dcr\u00fcnlerinize en uygun fiyat\u0131 verir, de\u011ferinde al\u0131m yapar\u0131z.\nSat\u0131\u015f\u0131n\u0131 ger\u00e7ekle\u015ftirdi\u011fimiz \u00fcr\u00fcnlerin durumunu a\u00e7\u0131k\u00e7a belirtir, s\u00fcrprizlerle kar\u015f\u0131la\u015fman\u0131z\u0131 engelleriz.<\/p>\r\n               <\/div>\r\n           <\/div>\r\n           <hr>\r\n\t\t              <div class=\"choose-area-icon-box mb-15 wow fadeInRight\" data-wow-delay=\".5s\">\r\n               <div class=\"icon-box p-relative\">\r\n\t\t\t   \t\t<i class=\" icon-target\"><\/i>\r\n               <\/div>\r\n               <div class=\"content\">\r\n                  <h5><a href=\"#\">Geni\u015f \u00dcr\u00fcn Yelpazesi<\/a><\/h5>\r\n                  <p>Beyaz e\u015fyadan mobilyaya, elektronik cihazlardan dekorasyon \u00fcr\u00fcnlerine kadar her ihtiyac\u0131n\u0131za y\u00f6nelik \u00fcr\u00fcnler sunar\u0131z.\nUygun fiyatl\u0131 ve kaliteli \u00fcr\u00fcnlerimizi her zaman yenileriz.<\/p>\r\n               <\/div>\r\n           <\/div>\r\n           <hr>\r\n\t\t              <div class=\"choose-area-icon-box mb-15 wow fadeInRight\" data-wow-delay=\".5s\">\r\n               <div class=\"icon-box p-relative\">\r\n\t\t\t   \t\t<i class=\" icon-help\"><\/i>\r\n               <\/div>\r\n               <div class=\"content\">\r\n                  <h5><a href=\"#\">Ekonomik \u00c7\u00f6z\u00fcmler<\/a><\/h5>\r\n                  <p>Yeni e\u015fya almak yerine b\u00fct\u00e7enize uygun ikinci el se\u00e7enekler sunarak tasarruf etmenizi sa\u011fl\u0131yoruz.\nHem al\u0131mda hem sat\u0131mda piyasa ko\u015fullar\u0131na g\u00f6re en adil fiyatland\u0131rmay\u0131 yap\u0131yoruz.<\/p>\r\n               <\/div>\r\n           <\/div>\r\n           <hr>\r\n\t\t            <\/div>\r\n         <div class=\"col-xxl-6 col-xl-6 col-lg-6 wow fadeInLeft\" data-wow-delay=\"1.2s\">\r\n            <figure class=\"image m-img\">\r\n\t\t\t\t   \r\n\t\t\t\t\t<img decoding=\"async\" src=\"https:\/\/bursaspotcu.com\/wp-content\/uploads\/2024\/02\/choose-1.png\" alt=\"\"\/>\r\n\t\t\t\t            <\/figure>\r\n         <\/div>\r\n      <\/div>\r\n   <\/div>\r\n <\/section>\r\n <!-- Choose area end --> \r\n\r\n\r\n             \r\n\t\t\t\t\t\t<\/div>\n\t\t\t\t<\/div>\n\t\t\t\t<\/div>\n\t\t<div class=\"elementor-element elementor-element-85fb123 e-con-full e-flex e-con e-parent\" data-id=\"85fb123\" data-element_type=\"container\" data-e-type=\"container\">\n\t\t\t\t<div class=\"elementor-element elementor-element-35a8fd0 elementor-widget elementor-widget-counter_with_icon\" data-id=\"35a8fd0\" data-element_type=\"widget\" data-e-type=\"widget\" data-widget_type=\"counter_with_icon.default\">\n\t\t\t\t<div class=\"elementor-widget-container\">\n\t\t\t\t\t\r\n\r\n\t <script>\r\n jQuery(document).ready(function($) {\r\n\r\n\/\/write js code under this line \r\n\r\n\r\n\/\/write code above the line \r\n\r\n  });\r\n<\/script>\r\n <!-- Icon box counter area start --> \r\n <section class=\"icon-box-counter-section section-space\">\r\n   <div class=\"small-container\">\r\n      <div class=\"row g-4\">\r\n\t  \t         <div class=\"col-xxl-3 col-xl-3 col-lg-6 col-md-6\">\r\n            <div class=\"icon-box-counter-area\">\r\n               <div class=\"icon-box\">\r\n                  <i class=\" icon-home-1\"><\/i>\r\n               <\/div>\r\n               <div class=\"content\">\r\n                  <h3><span class=\"counter\">98<\/span>%<\/h3>\r\n                  <span class=\"text-1\">M\u00fc\u015fteri Memnuniyeti<\/span>\r\n               <\/div>\r\n            <\/div>\r\n         <\/div>\r\n\t\t          <div class=\"col-xxl-3 col-xl-3 col-lg-6 col-md-6\">\r\n            <div class=\"icon-box-counter-area\">\r\n               <div class=\"icon-box\">\r\n                  <i class=\" icon-prize-box\"><\/i>\r\n               <\/div>\r\n               <div class=\"content\">\r\n                  <h3><span class=\"counter\">5000<\/span>+<\/h3>\r\n                  <span class=\"text-1\">E\u015fya Sat\u0131\u015f\u0131<\/span>\r\n               <\/div>\r\n            <\/div>\r\n         <\/div>\r\n\t\t          <div class=\"col-xxl-3 col-xl-3 col-lg-6 col-md-6\">\r\n            <div class=\"icon-box-counter-area\">\r\n               <div class=\"icon-box\">\r\n                  <i class=\" icon-prize-box\"><\/i>\r\n               <\/div>\r\n               <div class=\"content\">\r\n                  <h3><span class=\"counter\">5000<\/span>+<\/h3>\r\n                  <span class=\"text-1\">E\u015fya Sat\u0131\u015f\u0131<\/span>\r\n               <\/div>\r\n            <\/div>\r\n         <\/div>\r\n\t\t          <div class=\"col-xxl-3 col-xl-3 col-lg-6 col-md-6\">\r\n            <div class=\"icon-box-counter-area\">\r\n               <div class=\"icon-box\">\r\n                  <i class=\" icon-team-1\"><\/i>\r\n               <\/div>\r\n               <div class=\"content\">\r\n                  <h3><span class=\"counter\">2000<\/span>+<\/h3>\r\n                  <span class=\"text-1\">Mutlu M\u00fc\u015fteri<\/span>\r\n               <\/div>\r\n            <\/div>\r\n         <\/div>\r\n\t\t          <!-- block -->\r\n      <\/div>\r\n   <\/div>\r\n <\/section>\r\n <!-- Icon box counter area end --> \r\n \t\r\n\r\n             \r\n\t\t\t\t<\/div>\n\t\t\t\t<\/div>\n\t\t\t\t<\/div>\n\t\t\t\t<\/div>\n\t\t","protected":false},"excerpt":{"rendered":"<p>\u0130kinci El E\u015fya Sat\u0131\u015f\u0131 Lorem ipsum dolor sit amet, is consectetur adipisci elit. Integer feugiat<\/p>\n","protected":false},"author":2,"featured_media":0,"parent":0,"menu_order":0,"comment_status":"closed","ping_status":"closed","template":"elementor_header_footer","meta":{"footnotes":""},"class_list":["post-779","page","type-page","status-publish","hentry"],"aioseo_notices":[],"_links":{"self":[{"href":"https:\/\/bursaspotcu.com\/index.php\/wp-json\/wp\/v2\/pages\/779","targetHints":{"allow":["GET"]}}],"collection":[{"href":"https:\/\/bursaspotcu.com\/index.php\/wp-json\/wp\/v2\/pages"}],"about":[{"href":"https:\/\/bursaspotcu.com\/index.php\/wp-json\/wp\/v2\/types\/page"}],"author":[{"embeddable":true,"href":"https:\/\/bursaspotcu.com\/index.php\/wp-json\/wp\/v2\/users\/2"}],"replies":[{"embeddable":true,"href":"https:\/\/bursaspotcu.com\/index.php\/wp-json\/wp\/v2\/comments?post=779"}],"version-history":[{"count":8,"href":"https:\/\/bursaspotcu.com\/index.php\/wp-json\/wp\/v2\/pages\/779\/revisions"}],"predecessor-version":[{"id":2637,"href":"https:\/\/bursaspotcu.com\/index.php\/wp-json\/wp\/v2\/pages\/779\/revisions\/2637"}],"wp:attachment":[{"href":"https:\/\/bursaspotcu.com\/index.php\/wp-json\/wp\/v2\/media?parent=779"}],"curies":[{"name":"wp","href":"https:\/\/api.w.org\/{rel}","templated":true}]}}