{"id":777,"date":"2024-01-04T12:27:59","date_gmt":"2024-01-04T12:27:59","guid":{"rendered":"https:\/\/wotechtheme.com\/wp\/wotech\/?page_id=777"},"modified":"2024-12-11T22:38:41","modified_gmt":"2024-12-11T22:38:41","slug":"hakkimizda","status":"publish","type":"page","link":"https:\/\/bursaspotcu.com\/index.php\/hakkimizda\/","title":{"rendered":"Hakk\u0131m\u0131zda"},"content":{"rendered":"\t\t<div data-elementor-type=\"wp-page\" data-elementor-id=\"777\" class=\"elementor elementor-777\">\n\t\t\t\t<div class=\"elementor-element elementor-element-4ee80fa e-con-full e-flex e-con e-parent\" data-id=\"4ee80fa\" data-element_type=\"container\" data-e-type=\"container\">\n\t\t\t\t<div class=\"elementor-element elementor-element-68e8ad4 elementor-widget elementor-widget-choose_us_2\" data-id=\"68e8ad4\" data-element_type=\"widget\" data-e-type=\"widget\" data-widget_type=\"choose_us_2.default\">\n\t\t\t\t<div class=\"elementor-widget-container\">\n\t\t\t\t\t\r\n\r\n\t <script>\r\n jQuery(document).ready(function($) {\r\n\r\n\/\/write js code under this line \r\n\r\n\r\n\r\n\/\/write code above the line \r\n\r\n  });\r\n<\/script>\r\n\r\n  <!-- Choose area start --> \r\n  <section class=\"choose-section bg-color-1 section-space-top p-relative\">\r\n   <div class=\"bg-image\" data-background=\"https:\/\/bursaspotcu.com\/wp-content\/uploads\/2024\/02\/choose-bg.png\"><\/div>\r\n   <div class=\"shape-image\" data-background=\"https:\/\/bursaspotcu.com\/wp-content\/uploads\/2024\/02\/shape-15.png\"><\/div>\r\n   <div class=\"small-container\">      \r\n      <div class=\"row g-4\">\r\n         <div class=\"col-xxl-6 col-xl-6 col-lg-6 p-relative section-space-medium-bottom\">\r\n            <div class=\"title-box mb-50 wow fadeInLeft\" data-wow-delay=\".5s\">\r\n               <span class=\"section-sub-title\">Neden Bizi Se\u00e7melisiniz ?<\/span>\r\n               <h3 class=\"section-title mt-10\">Farkl\u0131 \u00d6zelliklerimiz<\/h3>\r\n            <\/div>\r\n             <!-- block -->\r\n\t\t\t            <div class=\"choose-area-icon-box mb-15 wow fadeInRight\" data-wow-delay=\".5s\">\r\n               <div class=\"icon-box p-relative\">\r\n\t\t\t   \t\t<i class=\" icon-roof\"><\/i>\r\n               <\/div>\r\n               <div class=\"content\">\r\n                  <h5><a href=\"#\">G\u00fcvenirlilik ve \u015eeffafl\u0131k<\/a><\/h5>\r\n                  <p>Al\u0131m-sat\u0131m s\u00fcre\u00e7lerimiz tamamen d\u00fcr\u00fcst ve \u015feffaft\u0131r.\n\u00dcr\u00fcnlerinize en uygun fiyat\u0131 verir, de\u011ferinde al\u0131m yapar\u0131z.\nSat\u0131\u015f\u0131n\u0131 ger\u00e7ekle\u015ftirdi\u011fimiz \u00fcr\u00fcnlerin durumunu a\u00e7\u0131k\u00e7a belirtir, s\u00fcrprizlerle kar\u015f\u0131la\u015fman\u0131z\u0131 engelleriz.<\/p>\r\n               <\/div>\r\n           <\/div>\r\n           <hr>\r\n\t\t              <div class=\"choose-area-icon-box mb-15 wow fadeInRight\" data-wow-delay=\".5s\">\r\n               <div class=\"icon-box p-relative\">\r\n\t\t\t   \t\t<i class=\" icon-target\"><\/i>\r\n               <\/div>\r\n               <div class=\"content\">\r\n                  <h5><a href=\"#\">Geni\u015f \u00dcr\u00fcn Yelpazesi<\/a><\/h5>\r\n                  <p>Beyaz e\u015fyadan mobilyaya, elektronik cihazlardan dekorasyon \u00fcr\u00fcnlerine kadar her ihtiyac\u0131n\u0131za y\u00f6nelik \u00fcr\u00fcnler sunar\u0131z.\nUygun fiyatl\u0131 ve kaliteli \u00fcr\u00fcnlerimizi her zaman yenileriz.<\/p>\r\n               <\/div>\r\n           <\/div>\r\n           <hr>\r\n\t\t              <div class=\"choose-area-icon-box mb-15 wow fadeInRight\" data-wow-delay=\".5s\">\r\n               <div class=\"icon-box p-relative\">\r\n\t\t\t   \t\t<i class=\" icon-help\"><\/i>\r\n               <\/div>\r\n               <div class=\"content\">\r\n                  <h5><a href=\"#\">Ekonomik \u00c7\u00f6z\u00fcmler<\/a><\/h5>\r\n                  <p>Yeni e\u015fya almak yerine b\u00fct\u00e7enize uygun ikinci el se\u00e7enekler sunarak tasarruf etmenizi sa\u011fl\u0131yoruz.\nHem al\u0131mda hem sat\u0131mda piyasa ko\u015fullar\u0131na g\u00f6re en adil fiyatland\u0131rmay\u0131 yap\u0131yoruz.<\/p>\r\n               <\/div>\r\n           <\/div>\r\n           <hr>\r\n\t\t            <\/div>\r\n         <div class=\"col-xxl-6 col-xl-6 col-lg-6 wow fadeInLeft\" data-wow-delay=\"1.2s\">\r\n            <figure class=\"image m-img\">\r\n\t\t\t\t   \r\n\t\t\t\t\t<img decoding=\"async\" src=\"https:\/\/bursaspotcu.com\/wp-content\/uploads\/2024\/02\/choose-1.png\" alt=\"\"\/>\r\n\t\t\t\t            <\/figure>\r\n         <\/div>\r\n      <\/div>\r\n   <\/div>\r\n <\/section>\r\n <!-- Choose area end --> \r\n\r\n\r\n             \r\n\t\t\t\t\t\t<\/div>\n\t\t\t\t<\/div>\n\t\t\t\t<div class=\"elementor-element elementor-element-8b44dd5 elementor-widget elementor-widget-about_with_contact\" data-id=\"8b44dd5\" data-element_type=\"widget\" data-e-type=\"widget\" data-widget_type=\"about_with_contact.default\">\n\t\t\t\t<div class=\"elementor-widget-container\">\n\t\t\t\t\t\r\n\r\n\t <script>\r\n jQuery(document).ready(function($) {\r\n\r\n\/\/write js code under this line \r\n\r\n\r\n\r\n\/\/write code above the line \r\n\r\n  });\r\n<\/script>\r\n\r\n  <!-- About us area start --> \r\n  \r\n<section class=\"about-us-section section-space p-relative\">\r\n   <div class=\"shape-area\">\r\n      <div class=\"shape-1\" data-background=\"\"><\/div>\r\n      <div class=\"shape-2 quote-animation\" data-background=\"\"><\/div>\r\n      <div class=\"shape-3 quote-animation\" data-background=\"\"><\/div>\r\n   <\/div>\r\n   <div class=\"small-container\">\r\n      <div class=\"row g-4\">\r\n         <div class=\"col-xxl-6 col-xl-6 col-lg-6\">\r\n            <!-- image area start -->\r\n            <div class=\"about-us-image-area p-relative wow fadeInRight\" data-wow-delay=\".5s\">\r\n               <div class=\"border-shape\" data-background=\"\"><\/div>\r\n               <figure class=\"image-1\">\r\n\t\t\t   \t   \r\n\t\t\t\t\t<img decoding=\"async\" src=\"https:\/\/bursaspotcu.com\/wp-content\/uploads\/2024\/10\/ikinci-el-beyaz-esya-satisi-02.webp\" alt=\"\"\/>\r\n\t\t\t\t               <\/figure>\r\n               <div class=\"image-2-area\">\r\n                  <div class=\"image-2 p-relative\">\r\n\t\t\t\t\t \r\n                     <div class=\"play-btn\">\r\n                        <div class=\"video_player_btn\">\r\n                           <a href=\"\" class=\"popup-video\"><i class=\"icon-play\"><\/i><\/a>\r\n                       <\/div>\r\n                     <\/div>                                 \r\n                  <\/div>                  \r\n               <\/div>\r\n               <div class=\"working-area float-bob-y\">\r\n\t\t\t                    <div class=\"inner p-relative\">\r\n                     <div class=\"icon-box\">\r\n                        <i class=\" icon-prize\"><\/i>\r\n                        <h4><span class=\"counter\">25+<\/span> Y\u0131l\u0131k<\/h4>\r\n                        <p>Deneyim<\/p>\r\n                     <\/div>\r\n                 <\/div>\r\n\t\t\t\t                <\/div>\r\n            <\/div>\r\n            <!-- image area end -->\r\n         <\/div>\r\n         <div class=\"col-xxl-6 col-xl-6 col-lg-6\">\r\n            <!-- .content start -->\r\n            <div class=\"about-us-content-area p-relative z-1 pl-30\">\r\n               <div class=\"title-box mb-35 wow fadeInLeft\" data-wow-delay=\".5s\">\r\n                  <span class=\"section-sub-title\">Hakk\u0131m\u0131zda<\/span>\r\n                  <h3 class=\"section-title mt-10\">Arzum Spot - Kaliteli \u0130kinci El E\u015fyalar, Ekonomik Fiyatlarla!<\/h3>\r\n               <\/div>\r\n               <p class=\"mb-35 wow fadeInLeft\" data-wow-delay=\".5s\">Arzum Spot, Bursa'da ikinci el e\u015fya al\u0131m ve sat\u0131m\u0131 konusunda g\u00fcvenilir bir isimdir. Y\u0131llar\u0131n verdi\u011fi deneyim ve m\u00fc\u015fteri odakl\u0131 hizmet anlay\u0131\u015f\u0131m\u0131zla, kaliteli ikinci el e\u015fya \u00fcr\u00fcnlerini uygun fiyatlarla sunarak, hem al\u0131c\u0131lar\u0131n hem de sat\u0131c\u0131lar\u0131n memnuniyetini sa\u011flamay\u0131 hedefliyoruz. Arzum Spot, her t\u00fcrden beyaz e\u015fya, mobilya, elektronik cihazlar ve dekorasyon \u00fcr\u00fcnleri gibi geni\u015f bir yelpazeye sahip \u00fcr\u00fcn yelpazesiyle hizmet vermektedir.<\/p>\r\n\t\t\t                  <div class=\"icon-box mb-20 wow fadeInLeft\" data-wow-delay=\".8s\">\r\n                  <div class=\"icon\">\r\n\t\t\t\t  \t\t\t\t\t\t\t<img decoding=\"async\" src=\"https:\/\/bursaspotcu.com\/wp-content\/uploads\/2024\/02\/about-three-icon1.png\" alt=\"\">\r\n\t\t\t\t\t                  <\/div>\r\n                  <div class=\"content\">\r\n                     <h5><a href=\"https:\/\/bursaspotcu.com\/index.php\/services\/ikinci-el-esya-alimi\/\">\u0130kinci El E\u015fya Al\u0131m\u0131<\/a><\/h5>\r\n                     <p>Bursa\u2019da ikinci el e\u015fya satmak isteyenlerin g\u00fcvenilir adresi Arzum Spot<\/p>\r\n                  <\/div>\r\n               <\/div>\r\n\t\t\t                  <div class=\"icon-box mb-20 wow fadeInLeft\" data-wow-delay=\".8s\">\r\n                  <div class=\"icon\">\r\n\t\t\t\t  \t\t\t\t\t\t\t<img decoding=\"async\" src=\"https:\/\/bursaspotcu.com\/wp-content\/uploads\/2024\/02\/about-three-icon2.png\" alt=\"\">\r\n\t\t\t\t\t                  <\/div>\r\n                  <div class=\"content\">\r\n                     <h5><a href=\"\/wp\/consal\/modified-roofing\/\">\u0130kinci El E\u015fya Sat\u0131\u015f\u0131<\/a><\/h5>\r\n                     <p>Arzum Spot, Bursa\u2019da ikinci el e\u015fya al\u0131m ve sat\u0131m\u0131nda kaliteli, ekonomik ve g\u00fcvenilir \u00e7\u00f6z\u00fcmler sunan bir firmad\u0131r.<\/p>\r\n                  <\/div>\r\n               <\/div>\r\n\t\t\t                  <div class=\"about-btn-box wow fadeInLeft\" data-wow-delay=\"1s\">\r\n                  <a class=\"primary-btn-1 btn-hover\" href=\"https:\/\/bursaspotcu.com\/index.php\/hakkimizda\/\">\r\n\t\t\t\t  Hakk\u0131m\u0131zda &nbsp; | <i class=\"icon-right-arrow\"><\/i>\r\n                     <span style=\"top: 147.172px; left: 108.5px;\"><\/span>\r\n                  <\/a>\r\n               <\/div>\r\n            <\/div>\r\n            <!-- .content end -->\r\n         <\/div>\r\n      <\/div>\r\n   <\/div>\r\n<\/section>\r\n\r\n <!-- About us area end --> \r\n \t\r\n\r\n\r\n\r\n             \r\n\t\t\t\t\t\t<\/div>\n\t\t\t\t<\/div>\n\t\t\t\t<\/div>\n\t\t<div class=\"elementor-element elementor-element-1c71b23 e-con-full e-flex e-con e-parent\" data-id=\"1c71b23\" data-element_type=\"container\" data-e-type=\"container\">\n\t\t\t\t<\/div>\n\t\t<div class=\"elementor-element elementor-element-d0390ff e-con-full e-flex e-con e-parent\" data-id=\"d0390ff\" data-element_type=\"container\" data-e-type=\"container\">\n\t\t\t\t<div class=\"elementor-element elementor-element-aff77d3 elementor-widget elementor-widget-work_process\" data-id=\"aff77d3\" data-element_type=\"widget\" data-e-type=\"widget\" data-widget_type=\"work_process.default\">\n\t\t\t\t<div class=\"elementor-widget-container\">\n\t\t\t\t\t\r\n\r\n\t <script>\r\n jQuery(document).ready(function($) {\r\n\r\n\/\/write js code under this line \r\n\r\n\r\n\/\/write code above the line \r\n\r\n  });\r\n<\/script>\r\n\r\n\t<!-- Work process area start --> \r\n\t<section class=\"work-process-section section-space p-relative\" data-background=\"https:\/\/bursaspotcu.com\/wp-content\/uploads\/2024\/02\/process-bg.png\">\r\n\t<div class=\"shape-1\" data-background=\"https:\/\/bursaspotcu.com\/wp-content\/uploads\/2024\/02\/line.png\"><\/div>\r\n\t<div class=\"small-container\">\r\n\t\t\t\t<div class=\"title-box text-center mb-60 wow fadeInLeft\" data-wow-delay=\".5s\">\r\n\t\t\t<span class=\"section-sub-title\">\u00c7al\u0131\u015fma Sistemi<\/span>\r\n\t\t\t<h3 class=\"section-title mt-10\">\u00c7al\u0131\u015fma S\u00fcrecimiz<\/h3>\r\n\t\t<\/div>\r\n\t\t\t\t<div class=\"row g-4\">\r\n\t\t\t\t\t\t<div class=\"col-xxl-4 col-xl-4 col-lg-4\">\r\n\t\t\t\t<div class=\"work-process-box text-center \">\r\n\t\t\t\t<div class=\"icon-box p-relative\">\r\n\t\t\t\t\t\t\t\t\t\t\t<img decoding=\"async\" src=\"https:\/\/bursaspotcu.com\/wp-content\/uploads\/2024\/02\/icon-4.png\" alt=\"\">\r\n\t\t\t\t\t\t\t\t\t\t<span>1<\/span>\r\n\t\t\t\t<\/div>\r\n\t\t\t\t<div class=\"content\">\r\n\t\t\t\t\t<h4 class=\"pt-25 pb-25\">\u0130nceleme ve De\u011ferlendirme<\/h4>\r\n\t\t\t\t\t<p>Sat\u0131\u015fa sundu\u011fumuz her \u00fcr\u00fcn, piyasa ko\u015fullar\u0131 ve \u00fcr\u00fcn durumu g\u00f6z \u00f6n\u00fcnde bulundurularak fiyatland\u0131r\u0131l\u0131r.\nE\u015fyalar\u0131n markas\u0131, modeli, ya\u015f\u0131 ve kullan\u0131m durumu gibi fakt\u00f6rler dikkate al\u0131narak adil bir fiyat belirlenir.<\/p>\r\n\t\t\t\t<\/div>\r\n\t\t\t\t<\/div>\r\n\t\t\t<\/div>\r\n\t\t\t\t\t\t<div class=\"col-xxl-4 col-xl-4 col-lg-4\">\r\n\t\t\t\t<div class=\"work-process-box text-center \">\r\n\t\t\t\t<div class=\"icon-box p-relative\">\r\n\t\t\t\t\t\t\t\t\t\t\t<img decoding=\"async\" src=\"https:\/\/bursaspotcu.com\/wp-content\/uploads\/2024\/02\/icon-5.png\" alt=\"\">\r\n\t\t\t\t\t\t\t\t\t\t<span>2<\/span>\r\n\t\t\t\t<\/div>\r\n\t\t\t\t<div class=\"content\">\r\n\t\t\t\t\t<h4 class=\"pt-25 pb-25\">Sat\u0131\u015f \u0130\u015flemi ve \u00d6deme<\/h4>\r\n\t\t\t\t\t<p>M\u00fc\u015fteriler, se\u00e7tikleri \u00fcr\u00fcnleri be\u011fenip sat\u0131n al\u0131r.\nSat\u0131n alma i\u015flemi tamamland\u0131\u011f\u0131nda \u00f6deme, nakit veya kredi kart\u0131 ile yap\u0131labilir.\n\u00d6demeyi ald\u0131ktan sonra \u00fcr\u00fcn, belirtilen adrese teslim edilir.<\/p>\r\n\t\t\t\t<\/div>\r\n\t\t\t\t<\/div>\r\n\t\t\t<\/div>\r\n\t\t\t\t\t\t<div class=\"col-xxl-4 col-xl-4 col-lg-4\">\r\n\t\t\t\t<div class=\"work-process-box text-center \">\r\n\t\t\t\t<div class=\"icon-box p-relative\">\r\n\t\t\t\t\t\t\t\t\t\t\t<img decoding=\"async\" src=\"https:\/\/bursaspotcu.com\/wp-content\/uploads\/2024\/02\/icon-6.png\" alt=\"\">\r\n\t\t\t\t\t\t\t\t\t\t<span>3<\/span>\r\n\t\t\t\t<\/div>\r\n\t\t\t\t<div class=\"content\">\r\n\t\t\t\t\t<h4 class=\"pt-25 pb-25\">Teslimat ve Nakliye<\/h4>\r\n\t\t\t\t\t<p>Sat\u0131\u015fa konu olan b\u00fcy\u00fck e\u015fyalar\u0131n ta\u015f\u0131nmas\u0131 i\u00e7in nakliye hizmeti sunulmaktad\u0131r.\nM\u00fc\u015fteri adresine g\u00fcvenli bir \u015fekilde teslimat yap\u0131l\u0131r. E\u015fyalar, yeni sahibine eksiksiz ve sa\u011flam bir \u015fekilde ula\u015ft\u0131r\u0131l\u0131r.<\/p>\r\n\t\t\t\t<\/div>\r\n\t\t\t\t<\/div>\r\n\t\t\t<\/div>\r\n\t\t\t\t\t<\/div>\r\n\t<\/div>\r\n\t<\/section>\r\n\t<!-- Work process area end --> \r\n\r\n\t\t\t\r\n             \r\n\t\t\t\t\t\t<\/div>\n\t\t\t\t<\/div>\n\t\t\t\t<\/div>\n\t\t<div class=\"elementor-element elementor-element-0b72e7a e-con-full e-flex e-con e-parent\" data-id=\"0b72e7a\" data-element_type=\"container\" data-e-type=\"container\">\n\t\t\t\t<div class=\"elementor-element elementor-element-098291d elementor-widget elementor-widget-team_widget\" data-id=\"098291d\" data-element_type=\"widget\" data-e-type=\"widget\" data-widget_type=\"team_widget.default\">\n\t\t\t\t<div class=\"elementor-widget-container\">\n\t\t\t\t\t\r\n\r\n\t <script>\r\n jQuery(document).ready(function($) {\r\n\r\n\/\/write js code under this line \r\n\r\n\r\n\r\n\/\/write code above the line \r\n\r\n  });\r\n<\/script>\r\n\r\n <!-- Team area start --> \r\n <section class=\"team-section p-relative section-space\">\r\n   <div class=\"shape-1\" data-background=\"https:\/\/bursaspotcu.com\/wp-content\/uploads\/2024\/02\/shape-13.png\"><\/div>\r\n   <div class=\"shape-2 float-bob-y\" data-background=\"https:\/\/bursaspotcu.com\/wp-content\/uploads\/2024\/02\/shape-14.png\"><\/div>\r\n   <div class=\"small-container\">\r\n   \t      <div class=\"title-box text-center mb-50 wow fadeInLeft\" data-wow-delay=\".5s\">\r\n         <span class=\"section-sub-title\">OUR TEAM<\/span>\r\n         <h3 class=\"section-title mt-10\">Our Leadership Team<\/h3>\r\n      <\/div>\r\n\t        <div class=\"row g-4\">\r\n         <!-- block -->\r\n\t\t          <div class=\"col-xxl-4 col-xl-4 col-lg-4 col-md-6\">\r\n            <div class=\"team-area-box p-relative mb-60 wow fadeInLeft\" data-wow-delay=\".7s\">\r\n               <figure class=\"image w-img p-relative\">\r\n\t\t\t   \t\t\t\t\t<img decoding=\"async\" src=\"https:\/\/bursaspotcu.com\/wp-content\/uploads\/2024\/02\/team-1.jpg\" alt=\"\">\r\n\t\t\t\t               <\/figure>\r\n               <div class=\"content\">\r\n                  <div class=\"author-info\">\r\n                     <h5 class=\"mb-5\"><a href=\"\/wp\/consal\/team-details\/\">Kristin Watson<\/a><\/h5>\r\n                     <span>Project Manager<\/span>\r\n                  <\/div>\r\n                  <div class=\"social-links p-relative\">\r\n                     <span><i class=\"icon-share\"><\/i><\/span>\r\n                     <ul>\r\n\t\t\t\t\t \t\t\t\t\t\t \t<li><a href=\"https:\/\/www.facebook.com\/\"><i class=\"fab fa-twitter\"><\/i><\/a><\/li>\r\n\t\t\t\t\t\t \t\t\t\t\t\t                         <li><a href=\"https:\/\/www.facebook.com\/\"><i class=\"fab fa-facebook-f\"><\/i><\/a><\/li>\r\n\t\t\t\t\t\t\t\t\t\t\t\t                        <li><a href=\"https:\/\/www.facebook.com\/\"><i class=\"fab fa-linkedin-in\"><\/i><\/a><\/li>\r\n\t\t\t\t\t\t                     <\/ul>\r\n                  <\/div>\r\n               <\/div>\r\n            <\/div>\r\n         <\/div>\r\n\t\t          <div class=\"col-xxl-4 col-xl-4 col-lg-4 col-md-6\">\r\n            <div class=\"team-area-box p-relative mb-60 wow fadeInLeft\" data-wow-delay=\".7s\">\r\n               <figure class=\"image w-img p-relative\">\r\n\t\t\t   \t\t\t\t\t<img decoding=\"async\" src=\"https:\/\/bursaspotcu.com\/wp-content\/uploads\/2024\/02\/team-2.jpg\" alt=\"\">\r\n\t\t\t\t               <\/figure>\r\n               <div class=\"content\">\r\n                  <div class=\"author-info\">\r\n                     <h5 class=\"mb-5\"><a href=\"\/wp\/consal\/team-details\/\">Annette Black<\/a><\/h5>\r\n                     <span>Senior QA Engineer <\/span>\r\n                  <\/div>\r\n                  <div class=\"social-links p-relative\">\r\n                     <span><i class=\"icon-share\"><\/i><\/span>\r\n                     <ul>\r\n\t\t\t\t\t \t\t\t\t\t\t \t<li><a href=\"https:\/\/www.facebook.com\/\"><i class=\"fab fa-twitter\"><\/i><\/a><\/li>\r\n\t\t\t\t\t\t \t\t\t\t\t\t                         <li><a href=\"https:\/\/www.facebook.com\/\"><i class=\"fab fa-facebook-f\"><\/i><\/a><\/li>\r\n\t\t\t\t\t\t\t\t\t\t\t\t                        <li><a href=\"https:\/\/www.facebook.com\/\"><i class=\"fab fa-linkedin-in\"><\/i><\/a><\/li>\r\n\t\t\t\t\t\t                     <\/ul>\r\n                  <\/div>\r\n               <\/div>\r\n            <\/div>\r\n         <\/div>\r\n\t\t          <div class=\"col-xxl-4 col-xl-4 col-lg-4 col-md-6\">\r\n            <div class=\"team-area-box p-relative mb-60 wow fadeInLeft\" data-wow-delay=\".7s\">\r\n               <figure class=\"image w-img p-relative\">\r\n\t\t\t   \t\t\t\t\t<img decoding=\"async\" src=\"https:\/\/bursaspotcu.com\/wp-content\/uploads\/2024\/02\/team-3.jpg\" alt=\"\">\r\n\t\t\t\t               <\/figure>\r\n               <div class=\"content\">\r\n                  <div class=\"author-info\">\r\n                     <h5 class=\"mb-5\"><a href=\"\/wp\/consal\/team-details\/\">Ralph Edwards<\/a><\/h5>\r\n                     <span>Engineer<\/span>\r\n                  <\/div>\r\n                  <div class=\"social-links p-relative\">\r\n                     <span><i class=\"icon-share\"><\/i><\/span>\r\n                     <ul>\r\n\t\t\t\t\t \t\t\t\t\t\t \t<li><a href=\"https:\/\/www.facebook.com\/\"><i class=\"fab fa-twitter\"><\/i><\/a><\/li>\r\n\t\t\t\t\t\t \t\t\t\t\t\t                         <li><a href=\"https:\/\/www.facebook.com\/\"><i class=\"fab fa-facebook-f\"><\/i><\/a><\/li>\r\n\t\t\t\t\t\t\t\t\t\t\t\t                        <li><a href=\"https:\/\/www.facebook.com\/\"><i class=\"fab fa-linkedin-in\"><\/i><\/a><\/li>\r\n\t\t\t\t\t\t                     <\/ul>\r\n                  <\/div>\r\n               <\/div>\r\n            <\/div>\r\n         <\/div>\r\n\t\t       <\/div>\r\n   <\/div>\r\n <\/section>\r\n <!-- Team area end --> \r\n\r\n \t\r\n\r\n             \r\n\t\t\t\t\t\t<\/div>\n\t\t\t\t<\/div>\n\t\t\t\t<\/div>\n\t\t<div class=\"elementor-element elementor-element-ca45ec0 e-con-full e-flex e-con e-parent\" data-id=\"ca45ec0\" data-element_type=\"container\" data-e-type=\"container\">\n\t\t\t\t<div class=\"elementor-element elementor-element-5c9d4f3 elementor-widget elementor-widget-google_maps\" data-id=\"5c9d4f3\" data-element_type=\"widget\" data-e-type=\"widget\" data-widget_type=\"google_maps.default\">\n\t\t\t\t<div class=\"elementor-widget-container\">\n\t\t\t\t\t\t\t<div class=\"elementor-custom-embed\">\n\t\t\t<iframe loading=\"lazy\"\n\t\t\t\t\tsrc=\"https:\/\/maps.google.com\/maps?q=Arzum%20Spot%20Gemlik&#038;t=m&#038;z=10&#038;output=embed&#038;iwloc=near\"\n\t\t\t\t\ttitle=\"Arzum Spot Gemlik\"\n\t\t\t\t\taria-label=\"Arzum Spot Gemlik\"\n\t\t\t><\/iframe>\n\t\t<\/div>\n\t\t\t\t\t\t<\/div>\n\t\t\t\t<\/div>\n\t\t\t\t<\/div>\n\t\t\t\t<\/div>\n\t\t","protected":false},"excerpt":{"rendered":"<p>Neden Bizi Se\u00e7melisiniz ? Farkl\u0131 \u00d6zelliklerimiz G\u00fcvenirlilik ve \u015eeffafl\u0131k Al\u0131m-sat\u0131m s\u00fcre\u00e7lerimiz tamamen d\u00fcr\u00fcst ve \u015feffaft\u0131r. \u00dcr\u00fcnlerinize en uygun fiyat\u0131 verir, de\u011ferinde al\u0131m yapar\u0131z. Sat\u0131\u015f\u0131n\u0131 ger\u00e7ekle\u015ftirdi\u011fimiz \u00fcr\u00fcnlerin durumunu a\u00e7\u0131k\u00e7a belirtir, s\u00fcrprizlerle kar\u015f\u0131la\u015fman\u0131z\u0131 engelleriz. Geni\u015f \u00dcr\u00fcn Yelpazesi Beyaz e\u015fyadan mobilyaya, elektronik cihazlardan dekorasyon \u00fcr\u00fcnlerine kadar her ihtiyac\u0131n\u0131za y\u00f6nelik \u00fcr\u00fcnler sunar\u0131z. Uygun fiyatl\u0131 ve kaliteli \u00fcr\u00fcnlerimizi her zaman [&hellip;]<\/p>\n","protected":false},"author":2,"featured_media":0,"parent":0,"menu_order":0,"comment_status":"closed","ping_status":"closed","template":"elementor_header_footer","meta":{"footnotes":""},"class_list":["post-777","page","type-page","status-publish","hentry"],"aioseo_notices":[],"_links":{"self":[{"href":"https:\/\/bursaspotcu.com\/index.php\/wp-json\/wp\/v2\/pages\/777","targetHints":{"allow":["GET"]}}],"collection":[{"href":"https:\/\/bursaspotcu.com\/index.php\/wp-json\/wp\/v2\/pages"}],"about":[{"href":"https:\/\/bursaspotcu.com\/index.php\/wp-json\/wp\/v2\/types\/page"}],"author":[{"embeddable":true,"href":"https:\/\/bursaspotcu.com\/index.php\/wp-json\/wp\/v2\/users\/2"}],"replies":[{"embeddable":true,"href":"https:\/\/bursaspotcu.com\/index.php\/wp-json\/wp\/v2\/comments?post=777"}],"version-history":[{"count":8,"href":"https:\/\/bursaspotcu.com\/index.php\/wp-json\/wp\/v2\/pages\/777\/revisions"}],"predecessor-version":[{"id":2747,"href":"https:\/\/bursaspotcu.com\/index.php\/wp-json\/wp\/v2\/pages\/777\/revisions\/2747"}],"wp:attachment":[{"href":"https:\/\/bursaspotcu.com\/index.php\/wp-json\/wp\/v2\/media?parent=777"}],"curies":[{"name":"wp","href":"https:\/\/api.w.org\/{rel}","templated":true}]}}